{"id":2333,"date":"2022-07-16T12:54:53","date_gmt":"2022-07-16T10:54:53","guid":{"rendered":"https:\/\/www.arts-yoga.com\/index.php\/booking-page\/"},"modified":"2022-07-17T11:09:28","modified_gmt":"2022-07-17T09:09:28","slug":"booking-page","status":"publish","type":"page","link":"https:\/\/www.arts-yoga.com\/index.php\/booking-page\/","title":{"rendered":"Page de r\u00e9servation"},"content":{"rendered":"<p>[wap_widget title=\u00a0\u00bbReserver maintenant\u00a0\u00bb popup  week  staff_page ]<\/p>\n\n\n\n<p>Bienvenue pour les cours en ligne. Apr\u00e8s votre inscription, vous allez recevoir un mail de confirmation. Le mail contiendra le lien pour la r\u00e9union. Le lien de la r\u00e9union vid\u00e9o appara\u00eetra une fois l\u2019heure du RDV venue.<\/p>\n\n\n\n<p><\/p>\n","protected":false},"excerpt":{"rendered":"<p>Bienvenue pour les cours en ligne. Apr\u00e8s votre inscription, vous allez recevoir un mail de confirmation. Le mail contiendra le lien pour la r\u00e9union. Le lien de la r\u00e9union vid\u00e9o appara\u00eetra une fois l\u2019heure du RDV venue.<\/p>\n","protected":false},"author":1,"featured_media":0,"parent":0,"menu_order":0,"comment_status":"closed","ping_status":"closed","template":"","meta":{"footnotes":""},"class_list":["post-2333","page","type-page","status-publish","hentry"],"yoast_head":"<!-- This site is optimized with the Yoast SEO plugin v27.5 - https:\/\/yoast.com\/product\/yoast-seo-wordpress\/ -->\n<title>Page de r\u00e9servation - Arts-Yoga<\/title>\n<meta name=\"robots\" content=\"index, follow, max-snippet:-1, max-image-preview:large, max-video-preview:-1\" \/>\n<link rel=\"canonical\" href=\"https:\/\/www.arts-yoga.com\/index.php\/booking-page\/\" \/>\n<meta property=\"og:locale\" content=\"fr_FR\" \/>\n<meta property=\"og:type\" content=\"article\" \/>\n<meta property=\"og:title\" content=\"Page de r\u00e9servation - Arts-Yoga\" \/>\n<meta property=\"og:description\" content=\"Bienvenue pour les cours en ligne. Apr\u00e8s votre inscription, vous allez recevoir un mail de confirmation. Le mail contiendra le lien pour la r\u00e9union. Le lien de la r\u00e9union vid\u00e9o appara\u00eetra une fois l\u2019heure du RDV venue.\" \/>\n<meta property=\"og:url\" content=\"https:\/\/www.arts-yoga.com\/index.php\/booking-page\/\" \/>\n<meta property=\"og:site_name\" content=\"Arts-Yoga\" \/>\n<meta property=\"article:publisher\" content=\"https:\/\/www.facebook.com\/stageartsyoga\/\" \/>\n<meta property=\"article:modified_time\" content=\"2022-07-17T09:09:28+00:00\" \/>\n<meta name=\"twitter:card\" content=\"summary_large_image\" \/>\n<meta name=\"twitter:label1\" content=\"Dur\u00e9e de lecture estim\u00e9e\" \/>\n\t<meta name=\"twitter:data1\" content=\"1 minute\" \/>\n<script type=\"application\/ld+json\" class=\"yoast-schema-graph\">{\"@context\":\"https:\\\/\\\/schema.org\",\"@graph\":[{\"@type\":\"WebPage\",\"@id\":\"https:\\\/\\\/www.arts-yoga.com\\\/index.php\\\/booking-page\\\/\",\"url\":\"https:\\\/\\\/www.arts-yoga.com\\\/index.php\\\/booking-page\\\/\",\"name\":\"Page de r\u00e9servation - Arts-Yoga\",\"isPartOf\":{\"@id\":\"https:\\\/\\\/www.arts-yoga.com\\\/#website\"},\"datePublished\":\"2022-07-16T10:54:53+00:00\",\"dateModified\":\"2022-07-17T09:09:28+00:00\",\"breadcrumb\":{\"@id\":\"https:\\\/\\\/www.arts-yoga.com\\\/index.php\\\/booking-page\\\/#breadcrumb\"},\"inLanguage\":\"fr-FR\",\"potentialAction\":[{\"@type\":\"ReadAction\",\"target\":[\"https:\\\/\\\/www.arts-yoga.com\\\/index.php\\\/booking-page\\\/\"]}]},{\"@type\":\"BreadcrumbList\",\"@id\":\"https:\\\/\\\/www.arts-yoga.com\\\/index.php\\\/booking-page\\\/#breadcrumb\",\"itemListElement\":[{\"@type\":\"ListItem\",\"position\":1,\"name\":\"Home\",\"item\":\"https:\\\/\\\/www.arts-yoga.com\\\/\"},{\"@type\":\"ListItem\",\"position\":2,\"name\":\"Page de r\u00e9servation\"}]},{\"@type\":\"WebSite\",\"@id\":\"https:\\\/\\\/www.arts-yoga.com\\\/#website\",\"url\":\"https:\\\/\\\/www.arts-yoga.com\\\/\",\"name\":\"ARTS-YOGA\",\"description\":\"Stages et retraites Art &amp; Yoga\",\"publisher\":{\"@id\":\"https:\\\/\\\/www.arts-yoga.com\\\/#organization\"},\"potentialAction\":[{\"@type\":\"SearchAction\",\"target\":{\"@type\":\"EntryPoint\",\"urlTemplate\":\"https:\\\/\\\/www.arts-yoga.com\\\/?s={search_term_string}\"},\"query-input\":{\"@type\":\"PropertyValueSpecification\",\"valueRequired\":true,\"valueName\":\"search_term_string\"}}],\"inLanguage\":\"fr-FR\"},{\"@type\":\"Organization\",\"@id\":\"https:\\\/\\\/www.arts-yoga.com\\\/#organization\",\"name\":\"arts yoga\",\"url\":\"https:\\\/\\\/www.arts-yoga.com\\\/\",\"logo\":{\"@type\":\"ImageObject\",\"inLanguage\":\"fr-FR\",\"@id\":\"https:\\\/\\\/www.arts-yoga.com\\\/#\\\/schema\\\/logo\\\/image\\\/\",\"url\":\"https:\\\/\\\/www.arts-yoga.com\\\/wp-content\\\/uploads\\\/2017\\\/10\\\/cropped-cropped-om-41993_1280-2.png\",\"contentUrl\":\"https:\\\/\\\/www.arts-yoga.com\\\/wp-content\\\/uploads\\\/2017\\\/10\\\/cropped-cropped-om-41993_1280-2.png\",\"width\":249,\"height\":250,\"caption\":\"arts yoga\"},\"image\":{\"@id\":\"https:\\\/\\\/www.arts-yoga.com\\\/#\\\/schema\\\/logo\\\/image\\\/\"},\"sameAs\":[\"https:\\\/\\\/www.facebook.com\\\/stageartsyoga\\\/\",\"https:\\\/\\\/instagram.com\\\/arts.yoga\"]}]}<\/script>\n<!-- \/ Yoast SEO plugin. -->","yoast_head_json":{"title":"Page de r\u00e9servation - Arts-Yoga","robots":{"index":"index","follow":"follow","max-snippet":"max-snippet:-1","max-image-preview":"max-image-preview:large","max-video-preview":"max-video-preview:-1"},"canonical":"https:\/\/www.arts-yoga.com\/index.php\/booking-page\/","og_locale":"fr_FR","og_type":"article","og_title":"Page de r\u00e9servation - Arts-Yoga","og_description":"Bienvenue pour les cours en ligne. Apr\u00e8s votre inscription, vous allez recevoir un mail de confirmation. Le mail contiendra le lien pour la r\u00e9union. Le lien de la r\u00e9union vid\u00e9o appara\u00eetra une fois l\u2019heure du RDV venue.","og_url":"https:\/\/www.arts-yoga.com\/index.php\/booking-page\/","og_site_name":"Arts-Yoga","article_publisher":"https:\/\/www.facebook.com\/stageartsyoga\/","article_modified_time":"2022-07-17T09:09:28+00:00","twitter_card":"summary_large_image","twitter_misc":{"Dur\u00e9e de lecture estim\u00e9e":"1 minute"},"schema":{"@context":"https:\/\/schema.org","@graph":[{"@type":"WebPage","@id":"https:\/\/www.arts-yoga.com\/index.php\/booking-page\/","url":"https:\/\/www.arts-yoga.com\/index.php\/booking-page\/","name":"Page de r\u00e9servation - Arts-Yoga","isPartOf":{"@id":"https:\/\/www.arts-yoga.com\/#website"},"datePublished":"2022-07-16T10:54:53+00:00","dateModified":"2022-07-17T09:09:28+00:00","breadcrumb":{"@id":"https:\/\/www.arts-yoga.com\/index.php\/booking-page\/#breadcrumb"},"inLanguage":"fr-FR","potentialAction":[{"@type":"ReadAction","target":["https:\/\/www.arts-yoga.com\/index.php\/booking-page\/"]}]},{"@type":"BreadcrumbList","@id":"https:\/\/www.arts-yoga.com\/index.php\/booking-page\/#breadcrumb","itemListElement":[{"@type":"ListItem","position":1,"name":"Home","item":"https:\/\/www.arts-yoga.com\/"},{"@type":"ListItem","position":2,"name":"Page de r\u00e9servation"}]},{"@type":"WebSite","@id":"https:\/\/www.arts-yoga.com\/#website","url":"https:\/\/www.arts-yoga.com\/","name":"ARTS-YOGA","description":"Stages et retraites Art &amp; Yoga","publisher":{"@id":"https:\/\/www.arts-yoga.com\/#organization"},"potentialAction":[{"@type":"SearchAction","target":{"@type":"EntryPoint","urlTemplate":"https:\/\/www.arts-yoga.com\/?s={search_term_string}"},"query-input":{"@type":"PropertyValueSpecification","valueRequired":true,"valueName":"search_term_string"}}],"inLanguage":"fr-FR"},{"@type":"Organization","@id":"https:\/\/www.arts-yoga.com\/#organization","name":"arts yoga","url":"https:\/\/www.arts-yoga.com\/","logo":{"@type":"ImageObject","inLanguage":"fr-FR","@id":"https:\/\/www.arts-yoga.com\/#\/schema\/logo\/image\/","url":"https:\/\/www.arts-yoga.com\/wp-content\/uploads\/2017\/10\/cropped-cropped-om-41993_1280-2.png","contentUrl":"https:\/\/www.arts-yoga.com\/wp-content\/uploads\/2017\/10\/cropped-cropped-om-41993_1280-2.png","width":249,"height":250,"caption":"arts yoga"},"image":{"@id":"https:\/\/www.arts-yoga.com\/#\/schema\/logo\/image\/"},"sameAs":["https:\/\/www.facebook.com\/stageartsyoga\/","https:\/\/instagram.com\/arts.yoga"]}]}},"_links":{"self":[{"href":"https:\/\/www.arts-yoga.com\/index.php\/wp-json\/wp\/v2\/pages\/2333","targetHints":{"allow":["GET"]}}],"collection":[{"href":"https:\/\/www.arts-yoga.com\/index.php\/wp-json\/wp\/v2\/pages"}],"about":[{"href":"https:\/\/www.arts-yoga.com\/index.php\/wp-json\/wp\/v2\/types\/page"}],"author":[{"embeddable":true,"href":"https:\/\/www.arts-yoga.com\/index.php\/wp-json\/wp\/v2\/users\/1"}],"replies":[{"embeddable":true,"href":"https:\/\/www.arts-yoga.com\/index.php\/wp-json\/wp\/v2\/comments?post=2333"}],"version-history":[{"count":2,"href":"https:\/\/www.arts-yoga.com\/index.php\/wp-json\/wp\/v2\/pages\/2333\/revisions"}],"predecessor-version":[{"id":2338,"href":"https:\/\/www.arts-yoga.com\/index.php\/wp-json\/wp\/v2\/pages\/2333\/revisions\/2338"}],"wp:attachment":[{"href":"https:\/\/www.arts-yoga.com\/index.php\/wp-json\/wp\/v2\/media?parent=2333"}],"curies":[{"name":"wp","href":"https:\/\/api.w.org\/{rel}","templated":true}]}}