{"id":2276,"date":"2022-07-12T13:36:34","date_gmt":"2022-07-12T11:36:34","guid":{"rendered":"https:\/\/www.arts-yoga.com\/?page_id=2276"},"modified":"2024-01-12T09:17:39","modified_gmt":"2024-01-12T08:17:39","slug":"cours-de-yoga-et-meditation-en-ligne","status":"publish","type":"page","link":"https:\/\/www.arts-yoga.com\/","title":{"rendered":"yoga &#038; meditation en ligne"},"content":{"rendered":"\n<h5 class=\"has-text-align-center wp-block-heading\">s&rsquo;inscrire ci-dessous aux cours de yoga &amp; m\u00e9ditation en ligne <\/h5>\n\n\n\n<p>Choisissez et enregistrez-vous pour le <strong>cours de yoga &amp; m\u00e9ditation en ligne<\/strong> ou <strong>l&rsquo;atelier<\/strong> <strong>\u00e0 th\u00e8me<\/strong> auquel vous souhaitez participer.  Un lien vous sera automatiquement envoy\u00e9 pour la r\u00e9union Zoom.<\/p>\n\n\n\n<p><\/p>\n\n\n<script>\n  if (typeof hasAmeliaEvent === 'undefined') {\n    var hasAmeliaEvent = true;\n  }\n  if (typeof hasEventApiCall === 'undefined' && ('' === '' && '' !== '1')) {\n    var hasEventApiCall = true;\n  }\n  var hasEventShortcode = (typeof hasEventShortcode === 'undefined') ? false : true;\n  var ameliaShortcodeData = (typeof ameliaShortcodeData === 'undefined') ? [] : ameliaShortcodeData;\n  ameliaShortcodeData.push(\n    {\n      'hasApiCall': (typeof hasEventApiCall !== 'undefined') && hasEventApiCall,\n      'trigger': '',\n      'trigger_type': '',\n      'triggered_form': 'elf',\n      'in_dialog': '',\n      'counter': '1000',\n      'employee': '',\n      'eventId': '',\n      'eventRecurring': 0,\n      'eventTag': \"\",\n      'locationId': \"\",\n      'range': \"\"\n    }\n  );\n  var ameliaShortcodeDataTriggered = (typeof ameliaShortcodeDataTriggered === 'undefined') ? [] : ameliaShortcodeDataTriggered;\n  if (ameliaShortcodeData[ameliaShortcodeData.length - 1].trigger !== '') {\n    if (ameliaShortcodeDataTriggered.filter(a => a.counter === ameliaShortcodeData[ameliaShortcodeData.length - 1].counter).length === 0) {\n      ameliaShortcodeDataTriggered.push(ameliaShortcodeData.pop());\n    } else {\n      ameliaShortcodeData.pop()\n    }\n  }\n  if (typeof hasEventApiCall !== 'undefined' && hasEventApiCall) {\n    hasEventApiCall = false;\n  }\n<\/script>\n\n<div\n  id=\"amelia-v2-booking-1000\"\n  class=\"amelia-v2-booking\"\n>\n    <events-list-form-wrapper><\/div>\n\n\n\n<p><\/p>\n","protected":false},"excerpt":{"rendered":"<p>s&rsquo;inscrire ci-dessous aux cours de yoga &amp; m\u00e9ditation en ligne Choisissez et enregistrez-vous pour le cours de yoga &amp; m\u00e9ditation en ligne ou l&rsquo;atelier \u00e0 th\u00e8me auquel vous souhaitez participer. Un lien vous sera automatiquement envoy\u00e9 pour la r\u00e9union Zoom.<\/p>\n","protected":false},"author":1,"featured_media":0,"parent":0,"menu_order":0,"comment_status":"closed","ping_status":"closed","template":"","meta":{"footnotes":""},"class_list":["post-2276","page","type-page","status-publish","hentry"],"yoast_head":"<!-- This site is optimized with the Yoast SEO plugin v27.6 - https:\/\/yoast.com\/product\/yoast-seo-wordpress\/ -->\n<title>yoga &amp; meditation en ligne - Arts-Yoga<\/title>\n<meta name=\"description\" content=\"Ce cours de yoga &amp; m\u00e9ditation en ligne vous permettra de pratiquer au sein d&#039;un petit groupe depuis le confort de votre domicile.\" \/>\n<meta name=\"robots\" content=\"index, follow, max-snippet:-1, max-image-preview:large, max-video-preview:-1\" \/>\n<link rel=\"canonical\" href=\"https:\/\/www.arts-yoga.com\/\" \/>\n<meta property=\"og:locale\" content=\"fr_FR\" \/>\n<meta property=\"og:type\" content=\"article\" \/>\n<meta property=\"og:title\" content=\"yoga &amp; meditation en ligne - Arts-Yoga\" \/>\n<meta property=\"og:description\" content=\"Ce cours de yoga &amp; m\u00e9ditation en ligne vous permettra de pratiquer au sein d&#039;un petit groupe depuis le confort de votre domicile.\" \/>\n<meta property=\"og:url\" content=\"https:\/\/www.arts-yoga.com\/\" \/>\n<meta property=\"og:site_name\" content=\"Arts-Yoga\" \/>\n<meta property=\"article:publisher\" content=\"https:\/\/www.facebook.com\/stageartsyoga\/\" \/>\n<meta property=\"article:modified_time\" content=\"2024-01-12T08:17:39+00:00\" \/>\n<meta name=\"twitter:card\" content=\"summary_large_image\" \/>\n<meta name=\"twitter:label1\" content=\"Dur\u00e9e de lecture estim\u00e9e\" \/>\n\t<meta name=\"twitter:data1\" content=\"1 minute\" \/>\n<script type=\"application\/ld+json\" class=\"yoast-schema-graph\">{\"@context\":\"https:\\\/\\\/schema.org\",\"@graph\":[{\"@type\":\"WebPage\",\"@id\":\"https:\\\/\\\/www.arts-yoga.com\\\/\",\"url\":\"https:\\\/\\\/www.arts-yoga.com\\\/\",\"name\":\"yoga & meditation en ligne - Arts-Yoga\",\"isPartOf\":{\"@id\":\"https:\\\/\\\/www.arts-yoga.com\\\/#website\"},\"datePublished\":\"2022-07-12T11:36:34+00:00\",\"dateModified\":\"2024-01-12T08:17:39+00:00\",\"description\":\"Ce cours de yoga & m\u00e9ditation en ligne vous permettra de pratiquer au sein d'un petit groupe depuis le confort de votre domicile.\",\"breadcrumb\":{\"@id\":\"https:\\\/\\\/www.arts-yoga.com\\\/#breadcrumb\"},\"inLanguage\":\"fr-FR\",\"potentialAction\":[{\"@type\":\"ReadAction\",\"target\":[\"https:\\\/\\\/www.arts-yoga.com\\\/\"]}]},{\"@type\":\"BreadcrumbList\",\"@id\":\"https:\\\/\\\/www.arts-yoga.com\\\/#breadcrumb\",\"itemListElement\":[{\"@type\":\"ListItem\",\"position\":1,\"name\":\"Home\",\"item\":\"https:\\\/\\\/www.arts-yoga.com\\\/\"},{\"@type\":\"ListItem\",\"position\":2,\"name\":\"yoga &#038; meditation en ligne\"}]},{\"@type\":\"WebSite\",\"@id\":\"https:\\\/\\\/www.arts-yoga.com\\\/#website\",\"url\":\"https:\\\/\\\/www.arts-yoga.com\\\/\",\"name\":\"ARTS-YOGA\",\"description\":\"Stages et retraites Art &amp; Yoga\",\"publisher\":{\"@id\":\"https:\\\/\\\/www.arts-yoga.com\\\/#organization\"},\"potentialAction\":[{\"@type\":\"SearchAction\",\"target\":{\"@type\":\"EntryPoint\",\"urlTemplate\":\"https:\\\/\\\/www.arts-yoga.com\\\/?s={search_term_string}\"},\"query-input\":{\"@type\":\"PropertyValueSpecification\",\"valueRequired\":true,\"valueName\":\"search_term_string\"}}],\"inLanguage\":\"fr-FR\"},{\"@type\":\"Organization\",\"@id\":\"https:\\\/\\\/www.arts-yoga.com\\\/#organization\",\"name\":\"arts yoga\",\"url\":\"https:\\\/\\\/www.arts-yoga.com\\\/\",\"logo\":{\"@type\":\"ImageObject\",\"inLanguage\":\"fr-FR\",\"@id\":\"https:\\\/\\\/www.arts-yoga.com\\\/#\\\/schema\\\/logo\\\/image\\\/\",\"url\":\"https:\\\/\\\/www.arts-yoga.com\\\/wp-content\\\/uploads\\\/2017\\\/10\\\/cropped-cropped-om-41993_1280-2.png\",\"contentUrl\":\"https:\\\/\\\/www.arts-yoga.com\\\/wp-content\\\/uploads\\\/2017\\\/10\\\/cropped-cropped-om-41993_1280-2.png\",\"width\":249,\"height\":250,\"caption\":\"arts yoga\"},\"image\":{\"@id\":\"https:\\\/\\\/www.arts-yoga.com\\\/#\\\/schema\\\/logo\\\/image\\\/\"},\"sameAs\":[\"https:\\\/\\\/www.facebook.com\\\/stageartsyoga\\\/\",\"https:\\\/\\\/instagram.com\\\/arts.yoga\"]}]}<\/script>\n<!-- \/ Yoast SEO plugin. -->","yoast_head_json":{"title":"yoga & meditation en ligne - Arts-Yoga","description":"Ce cours de yoga & m\u00e9ditation en ligne vous permettra de pratiquer au sein d'un petit groupe depuis le confort de votre domicile.","robots":{"index":"index","follow":"follow","max-snippet":"max-snippet:-1","max-image-preview":"max-image-preview:large","max-video-preview":"max-video-preview:-1"},"canonical":"https:\/\/www.arts-yoga.com\/","og_locale":"fr_FR","og_type":"article","og_title":"yoga & meditation en ligne - Arts-Yoga","og_description":"Ce cours de yoga & m\u00e9ditation en ligne vous permettra de pratiquer au sein d'un petit groupe depuis le confort de votre domicile.","og_url":"https:\/\/www.arts-yoga.com\/","og_site_name":"Arts-Yoga","article_publisher":"https:\/\/www.facebook.com\/stageartsyoga\/","article_modified_time":"2024-01-12T08:17:39+00:00","twitter_card":"summary_large_image","twitter_misc":{"Dur\u00e9e de lecture estim\u00e9e":"1 minute"},"schema":{"@context":"https:\/\/schema.org","@graph":[{"@type":"WebPage","@id":"https:\/\/www.arts-yoga.com\/","url":"https:\/\/www.arts-yoga.com\/","name":"yoga & meditation en ligne - Arts-Yoga","isPartOf":{"@id":"https:\/\/www.arts-yoga.com\/#website"},"datePublished":"2022-07-12T11:36:34+00:00","dateModified":"2024-01-12T08:17:39+00:00","description":"Ce cours de yoga & m\u00e9ditation en ligne vous permettra de pratiquer au sein d'un petit groupe depuis le confort de votre domicile.","breadcrumb":{"@id":"https:\/\/www.arts-yoga.com\/#breadcrumb"},"inLanguage":"fr-FR","potentialAction":[{"@type":"ReadAction","target":["https:\/\/www.arts-yoga.com\/"]}]},{"@type":"BreadcrumbList","@id":"https:\/\/www.arts-yoga.com\/#breadcrumb","itemListElement":[{"@type":"ListItem","position":1,"name":"Home","item":"https:\/\/www.arts-yoga.com\/"},{"@type":"ListItem","position":2,"name":"yoga &#038; meditation en ligne"}]},{"@type":"WebSite","@id":"https:\/\/www.arts-yoga.com\/#website","url":"https:\/\/www.arts-yoga.com\/","name":"ARTS-YOGA","description":"Stages et retraites Art &amp; Yoga","publisher":{"@id":"https:\/\/www.arts-yoga.com\/#organization"},"potentialAction":[{"@type":"SearchAction","target":{"@type":"EntryPoint","urlTemplate":"https:\/\/www.arts-yoga.com\/?s={search_term_string}"},"query-input":{"@type":"PropertyValueSpecification","valueRequired":true,"valueName":"search_term_string"}}],"inLanguage":"fr-FR"},{"@type":"Organization","@id":"https:\/\/www.arts-yoga.com\/#organization","name":"arts yoga","url":"https:\/\/www.arts-yoga.com\/","logo":{"@type":"ImageObject","inLanguage":"fr-FR","@id":"https:\/\/www.arts-yoga.com\/#\/schema\/logo\/image\/","url":"https:\/\/www.arts-yoga.com\/wp-content\/uploads\/2017\/10\/cropped-cropped-om-41993_1280-2.png","contentUrl":"https:\/\/www.arts-yoga.com\/wp-content\/uploads\/2017\/10\/cropped-cropped-om-41993_1280-2.png","width":249,"height":250,"caption":"arts yoga"},"image":{"@id":"https:\/\/www.arts-yoga.com\/#\/schema\/logo\/image\/"},"sameAs":["https:\/\/www.facebook.com\/stageartsyoga\/","https:\/\/instagram.com\/arts.yoga"]}]}},"_links":{"self":[{"href":"https:\/\/www.arts-yoga.com\/index.php\/wp-json\/wp\/v2\/pages\/2276","targetHints":{"allow":["GET"]}}],"collection":[{"href":"https:\/\/www.arts-yoga.com\/index.php\/wp-json\/wp\/v2\/pages"}],"about":[{"href":"https:\/\/www.arts-yoga.com\/index.php\/wp-json\/wp\/v2\/types\/page"}],"author":[{"embeddable":true,"href":"https:\/\/www.arts-yoga.com\/index.php\/wp-json\/wp\/v2\/users\/1"}],"replies":[{"embeddable":true,"href":"https:\/\/www.arts-yoga.com\/index.php\/wp-json\/wp\/v2\/comments?post=2276"}],"version-history":[{"count":24,"href":"https:\/\/www.arts-yoga.com\/index.php\/wp-json\/wp\/v2\/pages\/2276\/revisions"}],"predecessor-version":[{"id":2583,"href":"https:\/\/www.arts-yoga.com\/index.php\/wp-json\/wp\/v2\/pages\/2276\/revisions\/2583"}],"wp:attachment":[{"href":"https:\/\/www.arts-yoga.com\/index.php\/wp-json\/wp\/v2\/media?parent=2276"}],"curies":[{"name":"wp","href":"https:\/\/api.w.org\/{rel}","templated":true}]}}