{"id":1854,"date":"2021-03-01T22:02:55","date_gmt":"2021-03-01T21:02:55","guid":{"rendered":"https:\/\/www.arts-yoga.com\/?page_id=1854"},"modified":"2025-12-11T21:01:33","modified_gmt":"2025-12-11T20:01:33","slug":"yoga-en-ligne-videos-2021","status":"publish","type":"page","link":"https:\/\/www.arts-yoga.com\/index.php\/yoga-en-ligne-videos-2021\/","title":{"rendered":"Yoga en ligne-videos 2021"},"content":{"rendered":"\n<p>Vid\u00e9os r\u00e9alis\u00e9es en 2021 pour le Yoga en ligne<\/p>\n\n\n\n<figure class=\"wp-block-embed is-type-video is-provider-youtube wp-block-embed-youtube wp-embed-aspect-16-9 wp-has-aspect-ratio\"><div class=\"wp-block-embed__wrapper\">\n<iframe loading=\"lazy\" title=\"vid\u00e9o decembre 2021\" width=\"960\" height=\"540\" src=\"https:\/\/www.youtube.com\/embed\/6hd5f-QyL8Q?feature=oembed\" frameborder=\"0\" allow=\"accelerometer; autoplay; clipboard-write; encrypted-media; gyroscope; picture-in-picture; web-share\" referrerpolicy=\"strict-origin-when-cross-origin\" allowfullscreen><\/iframe>\n<\/div><\/figure>\n\n\n\n<div class=\"wp-block-columns is-layout-flex wp-container-core-columns-is-layout-28f84493 wp-block-columns-is-layout-flex\">\n<div class=\"wp-block-column is-layout-flow wp-block-column-is-layout-flow\" style=\"flex-basis:100%\">\n<div class=\"wp-block-group\"><div class=\"wp-block-group__inner-container is-layout-flow wp-block-group-is-layout-flow\">\n<figure class=\"wp-block-embed is-type-video is-provider-youtube wp-block-embed-youtube wp-embed-aspect-16-9 wp-has-aspect-ratio\"><div class=\"wp-block-embed__wrapper\">\n<iframe loading=\"lazy\" title=\"Video  Novembre 2021\" width=\"960\" height=\"540\" src=\"https:\/\/www.youtube.com\/embed\/s8m1qqtD_Bk?feature=oembed\" frameborder=\"0\" allow=\"accelerometer; autoplay; clipboard-write; encrypted-media; gyroscope; picture-in-picture; web-share\" referrerpolicy=\"strict-origin-when-cross-origin\" allowfullscreen><\/iframe>\n<\/div><\/figure>\n<\/div><\/div>\n<\/div>\n<\/div>\n\n\n\n<figure class=\"wp-block-embed is-type-video is-provider-youtube wp-block-embed-youtube wp-embed-aspect-16-9 wp-has-aspect-ratio\"><div class=\"wp-block-embed__wrapper\">\n<iframe loading=\"lazy\" title=\"video 8 mars 2021\" width=\"960\" height=\"540\" src=\"https:\/\/www.youtube.com\/embed\/eiZD6eAoYQ8?feature=oembed\" frameborder=\"0\" allow=\"accelerometer; autoplay; clipboard-write; encrypted-media; gyroscope; picture-in-picture; web-share\" referrerpolicy=\"strict-origin-when-cross-origin\" allowfullscreen><\/iframe>\n<\/div><\/figure>\n\n\n\n<figure class=\"wp-block-embed is-type-video is-provider-youtube wp-block-embed-youtube wp-embed-aspect-16-9 wp-has-aspect-ratio\"><div class=\"wp-block-embed__wrapper\">\n<iframe loading=\"lazy\" title=\"s\u00e9ance du 22 f\u00e9vrier 2021\" width=\"960\" height=\"540\" src=\"https:\/\/www.youtube.com\/embed\/411N9U-jfYw?feature=oembed\" frameborder=\"0\" allow=\"accelerometer; autoplay; clipboard-write; encrypted-media; gyroscope; picture-in-picture; web-share\" referrerpolicy=\"strict-origin-when-cross-origin\" allowfullscreen><\/iframe>\n<\/div><\/figure>\n\n\n\n<figure class=\"wp-block-embed is-type-video is-provider-youtube wp-block-embed-youtube wp-embed-aspect-16-9 wp-has-aspect-ratio\"><div class=\"wp-block-embed__wrapper\">\n<iframe loading=\"lazy\" title=\"S\u00e9ance du 17 f\u00e9vrier 2021\" width=\"960\" height=\"540\" src=\"https:\/\/www.youtube.com\/embed\/10Vcd6NusL4?feature=oembed\" frameborder=\"0\" allow=\"accelerometer; autoplay; clipboard-write; encrypted-media; gyroscope; picture-in-picture; web-share\" referrerpolicy=\"strict-origin-when-cross-origin\" allowfullscreen><\/iframe>\n<\/div><\/figure>\n\n\n\n<figure class=\"wp-block-embed is-type-video is-provider-youtube wp-block-embed-youtube wp-embed-aspect-16-9 wp-has-aspect-ratio\"><div class=\"wp-block-embed__wrapper\">\n<iframe loading=\"lazy\" title=\"vid\u00e9o du 8 f\u00e9vrier 2021\" width=\"960\" height=\"540\" src=\"https:\/\/www.youtube.com\/embed\/55gQAgu5gbo?feature=oembed\" frameborder=\"0\" allow=\"accelerometer; autoplay; clipboard-write; encrypted-media; gyroscope; picture-in-picture; web-share\" referrerpolicy=\"strict-origin-when-cross-origin\" allowfullscreen><\/iframe>\n<\/div><\/figure>\n\n\n\n<p><\/p>\n\n\n\n<p><a href=\"https:\/\/www.arts-yoga.com\/index.php\/yoga-en-ligne\/\">Lien pour les vid\u00e9os 2020<\/a><\/p>\n","protected":false},"excerpt":{"rendered":"<p>Vid\u00e9os r\u00e9alis\u00e9es en 2021 pour le Yoga en ligne Lien pour les vid\u00e9os 2020<\/p>\n","protected":false},"author":1,"featured_media":2741,"parent":0,"menu_order":0,"comment_status":"closed","ping_status":"closed","template":"","meta":{"footnotes":""},"class_list":["post-1854","page","type-page","status-publish","has-post-thumbnail","hentry"],"yoast_head":"<!-- This site is optimized with the Yoast SEO plugin v27.5 - https:\/\/yoast.com\/product\/yoast-seo-wordpress\/ -->\n<title>Yoga en ligne 2021-videos 2021<\/title>\n<meta name=\"description\" content=\"Yoga en ligne 2021, videos pour pratiquer \u00e0 volont\u00e9 en tous lieux et tous moments. demandez le mot de passe pour les vid\u00e9os 2020\" \/>\n<meta name=\"robots\" content=\"index, follow, max-snippet:-1, max-image-preview:large, max-video-preview:-1\" \/>\n<link rel=\"canonical\" href=\"https:\/\/www.arts-yoga.com\/index.php\/yoga-en-ligne-videos-2021\/\" \/>\n<meta property=\"og:locale\" content=\"fr_FR\" \/>\n<meta property=\"og:type\" content=\"article\" \/>\n<meta property=\"og:title\" content=\"Yoga en ligne 2021-videos 2021\" \/>\n<meta property=\"og:description\" content=\"Yoga en ligne 2021, videos pour pratiquer \u00e0 volont\u00e9 en tous lieux et tous moments. demandez le mot de passe pour les vid\u00e9os 2020\" \/>\n<meta property=\"og:url\" content=\"https:\/\/www.arts-yoga.com\/index.php\/yoga-en-ligne-videos-2021\/\" \/>\n<meta property=\"og:site_name\" content=\"Arts-Yoga\" \/>\n<meta property=\"article:publisher\" content=\"https:\/\/www.facebook.com\/stageartsyoga\/\" \/>\n<meta property=\"article:modified_time\" content=\"2025-12-11T20:01:33+00:00\" \/>\n<meta property=\"og:image\" content=\"https:\/\/www.arts-yoga.com\/wp-content\/uploads\/2025\/12\/cours-en-ligne-depuis-Athenes-copie.png\" \/>\n\t<meta property=\"og:image:width\" content=\"1640\" \/>\n\t<meta property=\"og:image:height\" content=\"924\" \/>\n\t<meta property=\"og:image:type\" content=\"image\/png\" \/>\n<meta name=\"twitter:card\" content=\"summary_large_image\" \/>\n<meta name=\"twitter:label1\" content=\"Dur\u00e9e de lecture estim\u00e9e\" \/>\n\t<meta name=\"twitter:data1\" content=\"1 minute\" \/>\n<script type=\"application\/ld+json\" class=\"yoast-schema-graph\">{\"@context\":\"https:\\\/\\\/schema.org\",\"@graph\":[{\"@type\":\"WebPage\",\"@id\":\"https:\\\/\\\/www.arts-yoga.com\\\/index.php\\\/yoga-en-ligne-videos-2021\\\/\",\"url\":\"https:\\\/\\\/www.arts-yoga.com\\\/index.php\\\/yoga-en-ligne-videos-2021\\\/\",\"name\":\"Yoga en ligne 2021-videos 2021\",\"isPartOf\":{\"@id\":\"https:\\\/\\\/www.arts-yoga.com\\\/#website\"},\"primaryImageOfPage\":{\"@id\":\"https:\\\/\\\/www.arts-yoga.com\\\/index.php\\\/yoga-en-ligne-videos-2021\\\/#primaryimage\"},\"image\":{\"@id\":\"https:\\\/\\\/www.arts-yoga.com\\\/index.php\\\/yoga-en-ligne-videos-2021\\\/#primaryimage\"},\"thumbnailUrl\":\"https:\\\/\\\/www.arts-yoga.com\\\/wp-content\\\/uploads\\\/2025\\\/12\\\/cours-en-ligne-depuis-Athenes-copie.png\",\"datePublished\":\"2021-03-01T21:02:55+00:00\",\"dateModified\":\"2025-12-11T20:01:33+00:00\",\"description\":\"Yoga en ligne 2021, videos pour pratiquer \u00e0 volont\u00e9 en tous lieux et tous moments. demandez le mot de passe pour les vid\u00e9os 2020\",\"breadcrumb\":{\"@id\":\"https:\\\/\\\/www.arts-yoga.com\\\/index.php\\\/yoga-en-ligne-videos-2021\\\/#breadcrumb\"},\"inLanguage\":\"fr-FR\",\"potentialAction\":[{\"@type\":\"ReadAction\",\"target\":[\"https:\\\/\\\/www.arts-yoga.com\\\/index.php\\\/yoga-en-ligne-videos-2021\\\/\"]}]},{\"@type\":\"ImageObject\",\"inLanguage\":\"fr-FR\",\"@id\":\"https:\\\/\\\/www.arts-yoga.com\\\/index.php\\\/yoga-en-ligne-videos-2021\\\/#primaryimage\",\"url\":\"https:\\\/\\\/www.arts-yoga.com\\\/wp-content\\\/uploads\\\/2025\\\/12\\\/cours-en-ligne-depuis-Athenes-copie.png\",\"contentUrl\":\"https:\\\/\\\/www.arts-yoga.com\\\/wp-content\\\/uploads\\\/2025\\\/12\\\/cours-en-ligne-depuis-Athenes-copie.png\",\"width\":1640,\"height\":924,\"caption\":\"yoga en ligne avec Viviane\"},{\"@type\":\"BreadcrumbList\",\"@id\":\"https:\\\/\\\/www.arts-yoga.com\\\/index.php\\\/yoga-en-ligne-videos-2021\\\/#breadcrumb\",\"itemListElement\":[{\"@type\":\"ListItem\",\"position\":1,\"name\":\"Home\",\"item\":\"https:\\\/\\\/www.arts-yoga.com\\\/\"},{\"@type\":\"ListItem\",\"position\":2,\"name\":\"Yoga en ligne-videos 2021\"}]},{\"@type\":\"WebSite\",\"@id\":\"https:\\\/\\\/www.arts-yoga.com\\\/#website\",\"url\":\"https:\\\/\\\/www.arts-yoga.com\\\/\",\"name\":\"ARTS-YOGA\",\"description\":\"Stages et retraites Art &amp; Yoga\",\"publisher\":{\"@id\":\"https:\\\/\\\/www.arts-yoga.com\\\/#organization\"},\"potentialAction\":[{\"@type\":\"SearchAction\",\"target\":{\"@type\":\"EntryPoint\",\"urlTemplate\":\"https:\\\/\\\/www.arts-yoga.com\\\/?s={search_term_string}\"},\"query-input\":{\"@type\":\"PropertyValueSpecification\",\"valueRequired\":true,\"valueName\":\"search_term_string\"}}],\"inLanguage\":\"fr-FR\"},{\"@type\":\"Organization\",\"@id\":\"https:\\\/\\\/www.arts-yoga.com\\\/#organization\",\"name\":\"arts yoga\",\"url\":\"https:\\\/\\\/www.arts-yoga.com\\\/\",\"logo\":{\"@type\":\"ImageObject\",\"inLanguage\":\"fr-FR\",\"@id\":\"https:\\\/\\\/www.arts-yoga.com\\\/#\\\/schema\\\/logo\\\/image\\\/\",\"url\":\"https:\\\/\\\/www.arts-yoga.com\\\/wp-content\\\/uploads\\\/2017\\\/10\\\/cropped-cropped-om-41993_1280-2.png\",\"contentUrl\":\"https:\\\/\\\/www.arts-yoga.com\\\/wp-content\\\/uploads\\\/2017\\\/10\\\/cropped-cropped-om-41993_1280-2.png\",\"width\":249,\"height\":250,\"caption\":\"arts yoga\"},\"image\":{\"@id\":\"https:\\\/\\\/www.arts-yoga.com\\\/#\\\/schema\\\/logo\\\/image\\\/\"},\"sameAs\":[\"https:\\\/\\\/www.facebook.com\\\/stageartsyoga\\\/\",\"https:\\\/\\\/instagram.com\\\/arts.yoga\"]}]}<\/script>\n<!-- \/ Yoast SEO plugin. -->","yoast_head_json":{"title":"Yoga en ligne 2021-videos 2021","description":"Yoga en ligne 2021, videos pour pratiquer \u00e0 volont\u00e9 en tous lieux et tous moments. demandez le mot de passe pour les vid\u00e9os 2020","robots":{"index":"index","follow":"follow","max-snippet":"max-snippet:-1","max-image-preview":"max-image-preview:large","max-video-preview":"max-video-preview:-1"},"canonical":"https:\/\/www.arts-yoga.com\/index.php\/yoga-en-ligne-videos-2021\/","og_locale":"fr_FR","og_type":"article","og_title":"Yoga en ligne 2021-videos 2021","og_description":"Yoga en ligne 2021, videos pour pratiquer \u00e0 volont\u00e9 en tous lieux et tous moments. demandez le mot de passe pour les vid\u00e9os 2020","og_url":"https:\/\/www.arts-yoga.com\/index.php\/yoga-en-ligne-videos-2021\/","og_site_name":"Arts-Yoga","article_publisher":"https:\/\/www.facebook.com\/stageartsyoga\/","article_modified_time":"2025-12-11T20:01:33+00:00","og_image":[{"width":1640,"height":924,"url":"https:\/\/www.arts-yoga.com\/wp-content\/uploads\/2025\/12\/cours-en-ligne-depuis-Athenes-copie.png","type":"image\/png"}],"twitter_card":"summary_large_image","twitter_misc":{"Dur\u00e9e de lecture estim\u00e9e":"1 minute"},"schema":{"@context":"https:\/\/schema.org","@graph":[{"@type":"WebPage","@id":"https:\/\/www.arts-yoga.com\/index.php\/yoga-en-ligne-videos-2021\/","url":"https:\/\/www.arts-yoga.com\/index.php\/yoga-en-ligne-videos-2021\/","name":"Yoga en ligne 2021-videos 2021","isPartOf":{"@id":"https:\/\/www.arts-yoga.com\/#website"},"primaryImageOfPage":{"@id":"https:\/\/www.arts-yoga.com\/index.php\/yoga-en-ligne-videos-2021\/#primaryimage"},"image":{"@id":"https:\/\/www.arts-yoga.com\/index.php\/yoga-en-ligne-videos-2021\/#primaryimage"},"thumbnailUrl":"https:\/\/www.arts-yoga.com\/wp-content\/uploads\/2025\/12\/cours-en-ligne-depuis-Athenes-copie.png","datePublished":"2021-03-01T21:02:55+00:00","dateModified":"2025-12-11T20:01:33+00:00","description":"Yoga en ligne 2021, videos pour pratiquer \u00e0 volont\u00e9 en tous lieux et tous moments. demandez le mot de passe pour les vid\u00e9os 2020","breadcrumb":{"@id":"https:\/\/www.arts-yoga.com\/index.php\/yoga-en-ligne-videos-2021\/#breadcrumb"},"inLanguage":"fr-FR","potentialAction":[{"@type":"ReadAction","target":["https:\/\/www.arts-yoga.com\/index.php\/yoga-en-ligne-videos-2021\/"]}]},{"@type":"ImageObject","inLanguage":"fr-FR","@id":"https:\/\/www.arts-yoga.com\/index.php\/yoga-en-ligne-videos-2021\/#primaryimage","url":"https:\/\/www.arts-yoga.com\/wp-content\/uploads\/2025\/12\/cours-en-ligne-depuis-Athenes-copie.png","contentUrl":"https:\/\/www.arts-yoga.com\/wp-content\/uploads\/2025\/12\/cours-en-ligne-depuis-Athenes-copie.png","width":1640,"height":924,"caption":"yoga en ligne avec Viviane"},{"@type":"BreadcrumbList","@id":"https:\/\/www.arts-yoga.com\/index.php\/yoga-en-ligne-videos-2021\/#breadcrumb","itemListElement":[{"@type":"ListItem","position":1,"name":"Home","item":"https:\/\/www.arts-yoga.com\/"},{"@type":"ListItem","position":2,"name":"Yoga en ligne-videos 2021"}]},{"@type":"WebSite","@id":"https:\/\/www.arts-yoga.com\/#website","url":"https:\/\/www.arts-yoga.com\/","name":"ARTS-YOGA","description":"Stages et retraites Art &amp; Yoga","publisher":{"@id":"https:\/\/www.arts-yoga.com\/#organization"},"potentialAction":[{"@type":"SearchAction","target":{"@type":"EntryPoint","urlTemplate":"https:\/\/www.arts-yoga.com\/?s={search_term_string}"},"query-input":{"@type":"PropertyValueSpecification","valueRequired":true,"valueName":"search_term_string"}}],"inLanguage":"fr-FR"},{"@type":"Organization","@id":"https:\/\/www.arts-yoga.com\/#organization","name":"arts yoga","url":"https:\/\/www.arts-yoga.com\/","logo":{"@type":"ImageObject","inLanguage":"fr-FR","@id":"https:\/\/www.arts-yoga.com\/#\/schema\/logo\/image\/","url":"https:\/\/www.arts-yoga.com\/wp-content\/uploads\/2017\/10\/cropped-cropped-om-41993_1280-2.png","contentUrl":"https:\/\/www.arts-yoga.com\/wp-content\/uploads\/2017\/10\/cropped-cropped-om-41993_1280-2.png","width":249,"height":250,"caption":"arts yoga"},"image":{"@id":"https:\/\/www.arts-yoga.com\/#\/schema\/logo\/image\/"},"sameAs":["https:\/\/www.facebook.com\/stageartsyoga\/","https:\/\/instagram.com\/arts.yoga"]}]}},"_links":{"self":[{"href":"https:\/\/www.arts-yoga.com\/index.php\/wp-json\/wp\/v2\/pages\/1854","targetHints":{"allow":["GET"]}}],"collection":[{"href":"https:\/\/www.arts-yoga.com\/index.php\/wp-json\/wp\/v2\/pages"}],"about":[{"href":"https:\/\/www.arts-yoga.com\/index.php\/wp-json\/wp\/v2\/types\/page"}],"author":[{"embeddable":true,"href":"https:\/\/www.arts-yoga.com\/index.php\/wp-json\/wp\/v2\/users\/1"}],"replies":[{"embeddable":true,"href":"https:\/\/www.arts-yoga.com\/index.php\/wp-json\/wp\/v2\/comments?post=1854"}],"version-history":[{"count":7,"href":"https:\/\/www.arts-yoga.com\/index.php\/wp-json\/wp\/v2\/pages\/1854\/revisions"}],"predecessor-version":[{"id":2746,"href":"https:\/\/www.arts-yoga.com\/index.php\/wp-json\/wp\/v2\/pages\/1854\/revisions\/2746"}],"wp:featuredmedia":[{"embeddable":true,"href":"https:\/\/www.arts-yoga.com\/index.php\/wp-json\/wp\/v2\/media\/2741"}],"wp:attachment":[{"href":"https:\/\/www.arts-yoga.com\/index.php\/wp-json\/wp\/v2\/media?parent=1854"}],"curies":[{"name":"wp","href":"https:\/\/api.w.org\/{rel}","templated":true}]}}