{"id":1433,"date":"2020-04-11T17:09:52","date_gmt":"2020-04-11T15:09:52","guid":{"rendered":"https:\/\/www.arts-yoga.com\/?page_id=1433"},"modified":"2021-03-01T22:07:25","modified_gmt":"2021-03-01T21:07:25","slug":"videos-arts-yoga","status":"publish","type":"page","link":"https:\/\/www.arts-yoga.com\/index.php\/videos-pour-des-seances-en-ligne\/videos-arts-yoga\/","title":{"rendered":"cours de yoga en ligne"},"content":{"rendered":"\n<h2 class=\"wp-block-heading\">Bienvenue sur la page cours de yoga en ligne .<\/h2>\n\n\n\n<p> Il y a longtemps que je souhaitais pr\u00e9parer des vid\u00e9os afin que les pratiquants et pratiquantes du studio que j&rsquo;avais fond\u00e9 \u00e0 Marseille  puissent continuer de pratiquer avec moi durant les mois d&rsquo;\u00e9t\u00e9. Confinement oblige, j&rsquo;ai dispos\u00e9 du temps n\u00e9cessaire pour me familiariser avec les outils de cr\u00e9ation de vid\u00e9os. (cam\u00e9ra, micros , lumi\u00e8res, montage). R\u00e9aliser ces  cours de yoga en ligne demande du temps, de la rigueur et de la pr\u00e9cision et me voil\u00e0 devenue \u00e0 la fois \u00ab\u00a0prof\u00a0\u00bb de yoga et r\u00e9alisatrice de vid\u00e9os. C&rsquo;est un challenge passionnant ! Les premi\u00e8res vid\u00e9os, \u00e0 partir de mars 2020, r\u00e9alis\u00e9es avec les moyens du bord, souffrent de quelques imperfections.   Elles sont t\u00e9l\u00e9charg\u00e9es sur YouTube sur la cha\u00eene arts yoga. N\u00e9anmoins elles ne sont pas publiques. Il faut donc un code pour y acc\u00e9der dans la page \u00a0\u00bb <a href=\"https:\/\/www.arts-yoga.com\/index.php\/videos\/\">videos 2020<\/a>\u00ab\u00a0.<\/p>\n\n\n\n<p>Les nouvelles vid\u00e9os que vous trouverez ci-dessous sont d\u00e9sormais publiques sur la cha\u00eene YouTube arts yoga et dans le sous menu \u00e0  la page videos 2021<\/p>\n\n\n\n<p>Elles demeurent gratuites et j&rsquo;esp\u00e8re qu&rsquo;elles profiteront \u00e0 de nombreux adeptes du yoga que je transmets, apr\u00e8s l&rsquo;avoir re\u00e7u avec tant de joie de la part de <a href=\"https:\/\/www.yoga-atelier.com\/contacts\/\">H\u00e9l\u00e8ne Guiter<\/a>, <a href=\"https:\/\/www.mariannewells.com\">Marianne Wells<\/a> et <a href=\"https:\/\/www.natha-yoga.com\">Christian Tickomiroff<\/a>. Que je remercie de tout coeur.<\/p>\n\n\n\n<p> Je vous souhaite une bonne pratique en ligne.  Ainsi que vous le savez des petits pouces en l&rsquo;air sur You Tube et des commentaires (positifs, bien entendu..) permettent \u00e0 la cha\u00eene de survivre. C&rsquo;est surtout un bel encouragement pour moi . Et je sais ainsi que je reste en lien avec vous. Alors n&rsquo;h\u00e9sitez pas ! <\/p>\n\n\n\n<p>Et il va s&rsquo;en dire que si j&rsquo;ai le plaisir immense de vous retrouver sur l&rsquo;\u00eele d&rsquo;Egine du 21 au 29 mai 2021  pour partager avec Sophie et moi, l&rsquo;exp\u00e9rience de <a href=\"https:\/\/www.arts-yoga.com\/index.php\/2020\/11\/21\/stage-de-yoga-et-de-modelage-de-terre-yoart-en-grece\/\">Yo&rsquo;Art<\/a>, le bonheur en sera d\u00e9cupl\u00e9 !<\/p>\n","protected":false},"excerpt":{"rendered":"<p>Bienvenue sur la page cours de yoga en ligne . Il y a longtemps que je souhaitais pr\u00e9parer des vid\u00e9os afin que les pratiquants et pratiquantes du studio que j&rsquo;avais fond\u00e9 \u00e0 Marseille puissent continuer de pratiquer avec moi durant les mois d&rsquo;\u00e9t\u00e9. Confinement oblige, j&rsquo;ai dispos\u00e9 du temps n\u00e9cessaire pour me familiariser avec les outils de cr\u00e9ation de vid\u00e9os. (cam\u00e9ra, micros , lumi\u00e8res, montage). R\u00e9aliser ces cours de yoga en ligne demande du temps, de la rigueur et de la pr\u00e9cision et me voil\u00e0 devenue \u00e0 la fois \u00ab\u00a0prof\u00a0\u00bb de yoga et r\u00e9alisatrice de vid\u00e9os. C&rsquo;est un challenge passionnant ! Les premi\u00e8res vid\u00e9os, \u00e0 partir de mars 2020, r\u00e9alis\u00e9es avec les moyens du bord, souffrent de quelques imperfections. Elles sont t\u00e9l\u00e9charg\u00e9es sur YouTube sur la cha\u00eene arts yoga. N\u00e9anmoins elles ne sont pas publiques. Il faut donc un code pour y acc\u00e9der dans la page \u00a0\u00bb videos 2020\u00ab\u00a0. Les nouvelles vid\u00e9os que vous trouverez ci-dessous sont d\u00e9sormais publiques sur la cha\u00eene YouTube arts yoga et dans le sous menu \u00e0 la page videos 2021 Elles demeurent gratuites et j&rsquo;esp\u00e8re qu&rsquo;elles profiteront \u00e0 de nombreux adeptes du yoga que je transmets, apr\u00e8s l&rsquo;avoir re\u00e7u avec tant de joie de la part de H\u00e9l\u00e8ne Guiter, Marianne Wells et Christian Tickomiroff. Que je remercie de tout coeur. Je vous souhaite une bonne pratique en ligne. Ainsi que vous le savez des petits pouces en l&rsquo;air sur You Tube et des commentaires (positifs, bien entendu..) permettent \u00e0 la cha\u00eene de survivre. C&rsquo;est surtout un bel encouragement pour moi . Et je sais ainsi que je reste en lien avec vous. Alors n&rsquo;h\u00e9sitez pas ! Et il va s&rsquo;en dire que si j&rsquo;ai le plaisir immense de vous retrouver sur l&rsquo;\u00eele d&rsquo;Egine du 21 au 29 mai 2021 pour partager avec Sophie et moi, l&rsquo;exp\u00e9rience de Yo&rsquo;Art, le bonheur en sera d\u00e9cupl\u00e9 !<\/p>\n","protected":false},"author":1,"featured_media":1830,"parent":1380,"menu_order":0,"comment_status":"closed","ping_status":"closed","template":"","meta":{"footnotes":""},"class_list":["post-1433","page","type-page","status-publish","has-post-thumbnail","hentry"],"yoast_head":"<!-- This site is optimized with the Yoast SEO plugin v27.5 - https:\/\/yoast.com\/product\/yoast-seo-wordpress\/ -->\n<title>cours de yoga en ligne - Arts-Yoga<\/title>\n<meta name=\"description\" content=\"cours de yoga en ligne gratuits pour une pratique compl\u00e8te comprenant des \u00e9chauffements, des respirations, des postures et des concentrations.\" \/>\n<meta name=\"robots\" content=\"index, follow, max-snippet:-1, max-image-preview:large, max-video-preview:-1\" \/>\n<link rel=\"canonical\" href=\"https:\/\/www.arts-yoga.com\/index.php\/videos-pour-des-seances-en-ligne\/videos-arts-yoga\/\" \/>\n<meta property=\"og:locale\" content=\"fr_FR\" \/>\n<meta property=\"og:type\" content=\"article\" \/>\n<meta property=\"og:title\" content=\"cours de yoga en ligne - Arts-Yoga\" \/>\n<meta property=\"og:description\" content=\"cours de yoga en ligne gratuits pour une pratique compl\u00e8te comprenant des \u00e9chauffements, des respirations, des postures et des concentrations.\" \/>\n<meta property=\"og:url\" content=\"https:\/\/www.arts-yoga.com\/index.php\/videos-pour-des-seances-en-ligne\/videos-arts-yoga\/\" \/>\n<meta property=\"og:site_name\" content=\"Arts-Yoga\" \/>\n<meta property=\"article:publisher\" content=\"https:\/\/www.facebook.com\/stageartsyoga\/\" \/>\n<meta property=\"article:modified_time\" content=\"2021-03-01T21:07:25+00:00\" \/>\n<meta property=\"og:image\" content=\"https:\/\/www.arts-yoga.com\/wp-content\/uploads\/2021\/02\/C6394FC2-E819-45FD-B1F5-717D6F36953D-scaled.jpeg\" \/>\n\t<meta property=\"og:image:width\" content=\"2560\" \/>\n\t<meta property=\"og:image:height\" content=\"1922\" \/>\n\t<meta property=\"og:image:type\" content=\"image\/jpeg\" \/>\n<meta name=\"twitter:card\" content=\"summary_large_image\" \/>\n<meta name=\"twitter:label1\" content=\"Dur\u00e9e de lecture estim\u00e9e\" \/>\n\t<meta name=\"twitter:data1\" content=\"2 minutes\" \/>\n<script type=\"application\/ld+json\" class=\"yoast-schema-graph\">{\"@context\":\"https:\\\/\\\/schema.org\",\"@graph\":[{\"@type\":\"WebPage\",\"@id\":\"https:\\\/\\\/www.arts-yoga.com\\\/index.php\\\/videos-pour-des-seances-en-ligne\\\/videos-arts-yoga\\\/\",\"url\":\"https:\\\/\\\/www.arts-yoga.com\\\/index.php\\\/videos-pour-des-seances-en-ligne\\\/videos-arts-yoga\\\/\",\"name\":\"cours de yoga en ligne - Arts-Yoga\",\"isPartOf\":{\"@id\":\"https:\\\/\\\/www.arts-yoga.com\\\/#website\"},\"primaryImageOfPage\":{\"@id\":\"https:\\\/\\\/www.arts-yoga.com\\\/index.php\\\/videos-pour-des-seances-en-ligne\\\/videos-arts-yoga\\\/#primaryimage\"},\"image\":{\"@id\":\"https:\\\/\\\/www.arts-yoga.com\\\/index.php\\\/videos-pour-des-seances-en-ligne\\\/videos-arts-yoga\\\/#primaryimage\"},\"thumbnailUrl\":\"https:\\\/\\\/www.arts-yoga.com\\\/wp-content\\\/uploads\\\/2021\\\/02\\\/C6394FC2-E819-45FD-B1F5-717D6F36953D-scaled.jpeg\",\"datePublished\":\"2020-04-11T15:09:52+00:00\",\"dateModified\":\"2021-03-01T21:07:25+00:00\",\"description\":\"cours de yoga en ligne gratuits pour une pratique compl\u00e8te comprenant des \u00e9chauffements, des respirations, des postures et des concentrations.\",\"breadcrumb\":{\"@id\":\"https:\\\/\\\/www.arts-yoga.com\\\/index.php\\\/videos-pour-des-seances-en-ligne\\\/videos-arts-yoga\\\/#breadcrumb\"},\"inLanguage\":\"fr-FR\",\"potentialAction\":[{\"@type\":\"ReadAction\",\"target\":[\"https:\\\/\\\/www.arts-yoga.com\\\/index.php\\\/videos-pour-des-seances-en-ligne\\\/videos-arts-yoga\\\/\"]}]},{\"@type\":\"ImageObject\",\"inLanguage\":\"fr-FR\",\"@id\":\"https:\\\/\\\/www.arts-yoga.com\\\/index.php\\\/videos-pour-des-seances-en-ligne\\\/videos-arts-yoga\\\/#primaryimage\",\"url\":\"https:\\\/\\\/www.arts-yoga.com\\\/wp-content\\\/uploads\\\/2021\\\/02\\\/C6394FC2-E819-45FD-B1F5-717D6F36953D-scaled.jpeg\",\"contentUrl\":\"https:\\\/\\\/www.arts-yoga.com\\\/wp-content\\\/uploads\\\/2021\\\/02\\\/C6394FC2-E819-45FD-B1F5-717D6F36953D-scaled.jpeg\",\"width\":2560,\"height\":1922},{\"@type\":\"BreadcrumbList\",\"@id\":\"https:\\\/\\\/www.arts-yoga.com\\\/index.php\\\/videos-pour-des-seances-en-ligne\\\/videos-arts-yoga\\\/#breadcrumb\",\"itemListElement\":[{\"@type\":\"ListItem\",\"position\":1,\"name\":\"Home\",\"item\":\"https:\\\/\\\/www.arts-yoga.com\\\/\"},{\"@type\":\"ListItem\",\"position\":2,\"name\":\"videos pour des s\u00e9ances en ligne\",\"item\":\"https:\\\/\\\/www.arts-yoga.com\\\/?page_id=1380\"},{\"@type\":\"ListItem\",\"position\":3,\"name\":\"cours de yoga en ligne\"}]},{\"@type\":\"WebSite\",\"@id\":\"https:\\\/\\\/www.arts-yoga.com\\\/#website\",\"url\":\"https:\\\/\\\/www.arts-yoga.com\\\/\",\"name\":\"ARTS-YOGA\",\"description\":\"Stages et retraites Art &amp; Yoga\",\"publisher\":{\"@id\":\"https:\\\/\\\/www.arts-yoga.com\\\/#organization\"},\"potentialAction\":[{\"@type\":\"SearchAction\",\"target\":{\"@type\":\"EntryPoint\",\"urlTemplate\":\"https:\\\/\\\/www.arts-yoga.com\\\/?s={search_term_string}\"},\"query-input\":{\"@type\":\"PropertyValueSpecification\",\"valueRequired\":true,\"valueName\":\"search_term_string\"}}],\"inLanguage\":\"fr-FR\"},{\"@type\":\"Organization\",\"@id\":\"https:\\\/\\\/www.arts-yoga.com\\\/#organization\",\"name\":\"arts yoga\",\"url\":\"https:\\\/\\\/www.arts-yoga.com\\\/\",\"logo\":{\"@type\":\"ImageObject\",\"inLanguage\":\"fr-FR\",\"@id\":\"https:\\\/\\\/www.arts-yoga.com\\\/#\\\/schema\\\/logo\\\/image\\\/\",\"url\":\"https:\\\/\\\/www.arts-yoga.com\\\/wp-content\\\/uploads\\\/2017\\\/10\\\/cropped-cropped-om-41993_1280-2.png\",\"contentUrl\":\"https:\\\/\\\/www.arts-yoga.com\\\/wp-content\\\/uploads\\\/2017\\\/10\\\/cropped-cropped-om-41993_1280-2.png\",\"width\":249,\"height\":250,\"caption\":\"arts yoga\"},\"image\":{\"@id\":\"https:\\\/\\\/www.arts-yoga.com\\\/#\\\/schema\\\/logo\\\/image\\\/\"},\"sameAs\":[\"https:\\\/\\\/www.facebook.com\\\/stageartsyoga\\\/\",\"https:\\\/\\\/instagram.com\\\/arts.yoga\"]}]}<\/script>\n<!-- \/ Yoast SEO plugin. -->","yoast_head_json":{"title":"cours de yoga en ligne - Arts-Yoga","description":"cours de yoga en ligne gratuits pour une pratique compl\u00e8te comprenant des \u00e9chauffements, des respirations, des postures et des concentrations.","robots":{"index":"index","follow":"follow","max-snippet":"max-snippet:-1","max-image-preview":"max-image-preview:large","max-video-preview":"max-video-preview:-1"},"canonical":"https:\/\/www.arts-yoga.com\/index.php\/videos-pour-des-seances-en-ligne\/videos-arts-yoga\/","og_locale":"fr_FR","og_type":"article","og_title":"cours de yoga en ligne - Arts-Yoga","og_description":"cours de yoga en ligne gratuits pour une pratique compl\u00e8te comprenant des \u00e9chauffements, des respirations, des postures et des concentrations.","og_url":"https:\/\/www.arts-yoga.com\/index.php\/videos-pour-des-seances-en-ligne\/videos-arts-yoga\/","og_site_name":"Arts-Yoga","article_publisher":"https:\/\/www.facebook.com\/stageartsyoga\/","article_modified_time":"2021-03-01T21:07:25+00:00","og_image":[{"width":2560,"height":1922,"url":"https:\/\/www.arts-yoga.com\/wp-content\/uploads\/2021\/02\/C6394FC2-E819-45FD-B1F5-717D6F36953D-scaled.jpeg","type":"image\/jpeg"}],"twitter_card":"summary_large_image","twitter_misc":{"Dur\u00e9e de lecture estim\u00e9e":"2 minutes"},"schema":{"@context":"https:\/\/schema.org","@graph":[{"@type":"WebPage","@id":"https:\/\/www.arts-yoga.com\/index.php\/videos-pour-des-seances-en-ligne\/videos-arts-yoga\/","url":"https:\/\/www.arts-yoga.com\/index.php\/videos-pour-des-seances-en-ligne\/videos-arts-yoga\/","name":"cours de yoga en ligne - Arts-Yoga","isPartOf":{"@id":"https:\/\/www.arts-yoga.com\/#website"},"primaryImageOfPage":{"@id":"https:\/\/www.arts-yoga.com\/index.php\/videos-pour-des-seances-en-ligne\/videos-arts-yoga\/#primaryimage"},"image":{"@id":"https:\/\/www.arts-yoga.com\/index.php\/videos-pour-des-seances-en-ligne\/videos-arts-yoga\/#primaryimage"},"thumbnailUrl":"https:\/\/www.arts-yoga.com\/wp-content\/uploads\/2021\/02\/C6394FC2-E819-45FD-B1F5-717D6F36953D-scaled.jpeg","datePublished":"2020-04-11T15:09:52+00:00","dateModified":"2021-03-01T21:07:25+00:00","description":"cours de yoga en ligne gratuits pour une pratique compl\u00e8te comprenant des \u00e9chauffements, des respirations, des postures et des concentrations.","breadcrumb":{"@id":"https:\/\/www.arts-yoga.com\/index.php\/videos-pour-des-seances-en-ligne\/videos-arts-yoga\/#breadcrumb"},"inLanguage":"fr-FR","potentialAction":[{"@type":"ReadAction","target":["https:\/\/www.arts-yoga.com\/index.php\/videos-pour-des-seances-en-ligne\/videos-arts-yoga\/"]}]},{"@type":"ImageObject","inLanguage":"fr-FR","@id":"https:\/\/www.arts-yoga.com\/index.php\/videos-pour-des-seances-en-ligne\/videos-arts-yoga\/#primaryimage","url":"https:\/\/www.arts-yoga.com\/wp-content\/uploads\/2021\/02\/C6394FC2-E819-45FD-B1F5-717D6F36953D-scaled.jpeg","contentUrl":"https:\/\/www.arts-yoga.com\/wp-content\/uploads\/2021\/02\/C6394FC2-E819-45FD-B1F5-717D6F36953D-scaled.jpeg","width":2560,"height":1922},{"@type":"BreadcrumbList","@id":"https:\/\/www.arts-yoga.com\/index.php\/videos-pour-des-seances-en-ligne\/videos-arts-yoga\/#breadcrumb","itemListElement":[{"@type":"ListItem","position":1,"name":"Home","item":"https:\/\/www.arts-yoga.com\/"},{"@type":"ListItem","position":2,"name":"videos pour des s\u00e9ances en ligne","item":"https:\/\/www.arts-yoga.com\/?page_id=1380"},{"@type":"ListItem","position":3,"name":"cours de yoga en ligne"}]},{"@type":"WebSite","@id":"https:\/\/www.arts-yoga.com\/#website","url":"https:\/\/www.arts-yoga.com\/","name":"ARTS-YOGA","description":"Stages et retraites Art &amp; Yoga","publisher":{"@id":"https:\/\/www.arts-yoga.com\/#organization"},"potentialAction":[{"@type":"SearchAction","target":{"@type":"EntryPoint","urlTemplate":"https:\/\/www.arts-yoga.com\/?s={search_term_string}"},"query-input":{"@type":"PropertyValueSpecification","valueRequired":true,"valueName":"search_term_string"}}],"inLanguage":"fr-FR"},{"@type":"Organization","@id":"https:\/\/www.arts-yoga.com\/#organization","name":"arts yoga","url":"https:\/\/www.arts-yoga.com\/","logo":{"@type":"ImageObject","inLanguage":"fr-FR","@id":"https:\/\/www.arts-yoga.com\/#\/schema\/logo\/image\/","url":"https:\/\/www.arts-yoga.com\/wp-content\/uploads\/2017\/10\/cropped-cropped-om-41993_1280-2.png","contentUrl":"https:\/\/www.arts-yoga.com\/wp-content\/uploads\/2017\/10\/cropped-cropped-om-41993_1280-2.png","width":249,"height":250,"caption":"arts yoga"},"image":{"@id":"https:\/\/www.arts-yoga.com\/#\/schema\/logo\/image\/"},"sameAs":["https:\/\/www.facebook.com\/stageartsyoga\/","https:\/\/instagram.com\/arts.yoga"]}]}},"_links":{"self":[{"href":"https:\/\/www.arts-yoga.com\/index.php\/wp-json\/wp\/v2\/pages\/1433","targetHints":{"allow":["GET"]}}],"collection":[{"href":"https:\/\/www.arts-yoga.com\/index.php\/wp-json\/wp\/v2\/pages"}],"about":[{"href":"https:\/\/www.arts-yoga.com\/index.php\/wp-json\/wp\/v2\/types\/page"}],"author":[{"embeddable":true,"href":"https:\/\/www.arts-yoga.com\/index.php\/wp-json\/wp\/v2\/users\/1"}],"replies":[{"embeddable":true,"href":"https:\/\/www.arts-yoga.com\/index.php\/wp-json\/wp\/v2\/comments?post=1433"}],"version-history":[{"count":18,"href":"https:\/\/www.arts-yoga.com\/index.php\/wp-json\/wp\/v2\/pages\/1433\/revisions"}],"predecessor-version":[{"id":1858,"href":"https:\/\/www.arts-yoga.com\/index.php\/wp-json\/wp\/v2\/pages\/1433\/revisions\/1858"}],"up":[{"embeddable":true,"href":"https:\/\/www.arts-yoga.com\/index.php\/wp-json\/wp\/v2\/pages\/1380"}],"wp:featuredmedia":[{"embeddable":true,"href":"https:\/\/www.arts-yoga.com\/index.php\/wp-json\/wp\/v2\/media\/1830"}],"wp:attachment":[{"href":"https:\/\/www.arts-yoga.com\/index.php\/wp-json\/wp\/v2\/media?parent=1433"}],"curies":[{"name":"wp","href":"https:\/\/api.w.org\/{rel}","templated":true}]}}